{"id":154,"date":"2015-07-16T09:12:44","date_gmt":"2015-07-16T09:12:44","guid":{"rendered":"http:\/\/test.kriesi.at\/minimal-portfolio\/?page_id=154"},"modified":"2025-01-30T20:44:00","modified_gmt":"2025-01-30T19:44:00","slug":"about","status":"publish","type":"page","link":"https:\/\/namishams.com\/ar\/\u062d\u0648\u0644\/","title":{"rendered":"\u0646\u0628\u0630\u0629 \u0639\u0646\u064a"},"content":{"rendered":"<style type=\"text\/css\" data-created_by=\"avia_inline_auto\" id=\"style-css-av-145nae-b6cc04a123002eaed4ac014ad9436dbf\">\n.avia-section.av-145nae-b6cc04a123002eaed4ac014ad9436dbf{\nbackground-repeat:no-repeat;\nbackground-image:url(https:\/\/namishams.com\/wp-content\/uploads\/2024\/10\/mercury-img-1-opt-oy5we0dsrgtl0ktmtj796wgrh65vyf0dl46rrp7it6-300x182.jpg);\nbackground-position:50% 50%;\nbackground-attachment:scroll;\n}\n.avia-section.av-145nae-b6cc04a123002eaed4ac014ad9436dbf .av-section-color-overlay{\nopacity:0.6;\nbackground-color:#084a79;\n}\n<\/style>\n<div id='av_section_1'  class='avia-section av-145nae-b6cc04a123002eaed4ac014ad9436dbf main_color avia-section-default avia-no-border-styling  avia-builder-el-0  el_before_av_section  avia-builder-el-first  avia-full-stretch avia-bg-style-scroll av-section-color-overlay-active av-minimum-height av-minimum-height-custom av-height-custom  container_wrap fullsize'  data-section-bg-repeat='stretch' data-av_minimum_height_px='230'><div class=\"av-section-color-overlay-wrap\"><div class=\"av-section-color-overlay\"><\/div><div class='container av-section-cont-open' style='height:230px'><main  role=\"main\" itemprop=\"mainContentOfPage\"  class='template-page content  av-content-full alpha units'><div class='post-entry post-entry-type-page post-entry-154'><div class='entry-content-wrapper clearfix'>\n\n<style type=\"text\/css\" data-created_by=\"avia_inline_auto\" id=\"style-css-av-jgf3pjem-ee2a691ebc0a9a100bc99d372a9c72ca\">\n#top .flex_column.av-jgf3pjem-ee2a691ebc0a9a100bc99d372a9c72ca{\nmargin-top:0px;\nmargin-bottom:0px;\n}\n.flex_column.av-jgf3pjem-ee2a691ebc0a9a100bc99d372a9c72ca{\nborder-radius:0px 0px 0px 0px;\npadding:0px 0px 0px 0px;\n}\n.responsive #top #wrap_all .flex_column.av-jgf3pjem-ee2a691ebc0a9a100bc99d372a9c72ca{\nmargin-top:0px;\nmargin-bottom:0px;\n}\n<\/style>\n<div  class='flex_column av-jgf3pjem-ee2a691ebc0a9a100bc99d372a9c72ca av_one_full  avia-builder-el-1  avia-builder-el-no-sibling  first flex_column_div av-animated-generic left-to-right av-zero-column-padding'     ><style type=\"text\/css\" data-created_by=\"avia_inline_auto\" id=\"style-css-av-jgs0mam9-774a9ec238a3fdafa05fc8baac2580a2\">\n#top .av-special-heading.av-jgs0mam9-774a9ec238a3fdafa05fc8baac2580a2{\nmargin:0 0 0 0;\npadding-bottom:0;\ncolor:#ffffff;\nfont-size:4vw;\n}\nbody .av-special-heading.av-jgs0mam9-774a9ec238a3fdafa05fc8baac2580a2 .av-special-heading-tag .heading-char{\nfont-size:25px;\n}\n#top #wrap_all .av-special-heading.av-jgs0mam9-774a9ec238a3fdafa05fc8baac2580a2 .av-special-heading-tag{\nfont-size:4vw;\n}\n.av-special-heading.av-jgs0mam9-774a9ec238a3fdafa05fc8baac2580a2 .special-heading-inner-border{\nborder-color:#ffffff;\n}\n.av-special-heading.av-jgs0mam9-774a9ec238a3fdafa05fc8baac2580a2 .av-subheading{\nfont-size:25px;\n}\n\n@media only screen and (min-width: 480px) and (max-width: 767px){ \n#top #wrap_all .av-special-heading.av-jgs0mam9-774a9ec238a3fdafa05fc8baac2580a2 .av-special-heading-tag{\nfont-size:0.8em;\n}\n}\n\n@media only screen and (max-width: 479px){ \n#top #wrap_all .av-special-heading.av-jgs0mam9-774a9ec238a3fdafa05fc8baac2580a2 .av-special-heading-tag{\nfont-size:0.8em;\n}\n}\n<\/style>\n<div  class='av-special-heading av-jgs0mam9-774a9ec238a3fdafa05fc8baac2580a2 av-special-heading-h2 custom-color-heading blockquote modern-quote modern-centered  avia-builder-el-2  avia-builder-el-no-sibling  av-inherit-size'><h2 class='av-special-heading-tag'  itemprop=\"headline\"  >Herzlich willkommen! Ihr zuverl\u00e4ssiger Partner f\u00fcr ma\u00dfgeschneiderte L\u00f6sungen im Bereich Recht und Unternehmensentwicklung.<\/h2><div class=\"special-heading-border\"><div class=\"special-heading-inner-border\"><\/div><\/div><\/div><\/div><\/div><\/div><\/main><!-- close content main element --><\/div><\/div><\/div><div id='av_section_2'  class='avia-section av-qet8u-83147d0d40d9d249d4aacaaedd222aa0 main_color avia-section-huge avia-no-border-styling  avia-builder-el-3  el_after_av_section  el_before_av_textblock  avia-bg-style-scroll container_wrap fullsize'  ><div class='container av-section-cont-open' ><div class='template-page content  av-content-full alpha units'><div class='post-entry post-entry-type-page post-entry-154'><div class='entry-content-wrapper clearfix'>\n\n<style type=\"text\/css\" data-created_by=\"avia_inline_auto\" id=\"style-css-av-m2sxzv4c-4ace42969f035385144bed2a650e60f3\">\n.avia-image-container.av-m2sxzv4c-4ace42969f035385144bed2a650e60f3 img.avia_image{\nbox-shadow:none;\n}\n.avia-image-container.av-m2sxzv4c-4ace42969f035385144bed2a650e60f3 .av-image-caption-overlay-center{\ncolor:#ffffff;\n}\n<\/style>\n<div  class='avia-image-container av-m2sxzv4c-4ace42969f035385144bed2a650e60f3 av-styling- avia-align-center  avia-builder-el-4  el_before_av_textblock  avia-builder-el-first'   itemprop=\"image\" itemscope=\"itemscope\" itemtype=\"https:\/\/schema.org\/ImageObject\" ><div class=\"avia-image-container-inner\"><div class=\"avia-image-overlay-wrap\"><img decoding=\"async\" fetchpriority=\"high\" class='wp-image-1855 avia-img-lazy-loading-not-1855 avia_image' src=\"https:\/\/namishams.com\/wp-content\/uploads\/2025\/01\/nami-shams-titel-scaled.jpg\" alt='' title='\u0644\u0642\u0628 \u0646\u0627\u0645\u064a \u0634\u0645\u0633'  height=\"1524\" width=\"2560\"  itemprop=\"thumbnailUrl\" srcset=\"https:\/\/namishams.com\/wp-content\/uploads\/2025\/01\/nami-shams-titel-scaled.jpg 2560w, https:\/\/namishams.com\/wp-content\/uploads\/2025\/01\/nami-shams-titel-300x179.jpg 300w, https:\/\/namishams.com\/wp-content\/uploads\/2025\/01\/nami-shams-titel-1030x613.jpg 1030w, https:\/\/namishams.com\/wp-content\/uploads\/2025\/01\/nami-shams-titel-768x457.jpg 768w, https:\/\/namishams.com\/wp-content\/uploads\/2025\/01\/nami-shams-titel-1536x915.jpg 1536w, https:\/\/namishams.com\/wp-content\/uploads\/2025\/01\/nami-shams-titel-2048x1219.jpg 2048w, https:\/\/namishams.com\/wp-content\/uploads\/2025\/01\/nami-shams-titel-18x12.jpg 18w, https:\/\/namishams.com\/wp-content\/uploads\/2025\/01\/nami-shams-titel-1500x893.jpg 1500w, https:\/\/namishams.com\/wp-content\/uploads\/2025\/01\/nami-shams-titel-705x420.jpg 705w\" sizes=\"(max-width: 2560px) 100vw, 2560px\" \/><\/div><\/div><\/div>\n<section  class='av_textblock_section av-m2plh381-af12e4c0e290a208b29749cec0067dca'   itemscope=\"itemscope\" itemtype=\"https:\/\/schema.org\/CreativeWork\" ><div class='avia_textblock'  itemprop=\"text\" ><p style=\"text-align: center;\">Mein Name ist Nami Shams, und ich bin Unternehmer mit mehreren erfolgreichen Online-Shops sowie Gr\u00fcnder einer spezialisierten Kanzlei f\u00fcr Firmenrecht und Unternehmensgr\u00fcndungen in den Vereinigten Arabischen Emiraten. Mit meinem Hintergrund in f\u00fchrenden Marketingunternehmen und meiner T\u00e4tigkeit bei SAP vereine ich wirtschaftliches Verst\u00e4ndnis und juristische Expertise, um Unternehmen dabei zu unterst\u00fctzen, rechtssicher und erfolgreich in den VAE Fu\u00df zu fassen.<\/p>\n<h3><\/h3>\n<\/div><\/section>\n\n<style type=\"text\/css\" data-created_by=\"avia_inline_auto\" id=\"style-css-av-9wkhy-c796675a553277e480b251539f41f48e\">\n#top .flex_column.av-9wkhy-c796675a553277e480b251539f41f48e{\nmargin-top:0px;\nmargin-bottom:0px;\n}\n.flex_column.av-9wkhy-c796675a553277e480b251539f41f48e{\nborder-radius:3px 3px 3px 3px;\npadding:0px 0px 0px 0px;\n}\n.responsive #top #wrap_all .flex_column.av-9wkhy-c796675a553277e480b251539f41f48e{\nmargin-top:0px;\nmargin-bottom:0px;\n}\n<\/style>\n<div  class='flex_column av-9wkhy-c796675a553277e480b251539f41f48e av_one_third  avia-builder-el-6  el_after_av_textblock  el_before_av_one_third  first flex_column_div av-animated-generic left-to-right av-zero-column-padding  column-top-margin'     ><p>\n<style type=\"text\/css\" data-created_by=\"avia_inline_auto\" id=\"style-css-av-uyrai-a9543635419aeb4f820522cf9225edc5\">\n#top .av-special-heading.av-uyrai-a9543635419aeb4f820522cf9225edc5{\nmargin:15px 0 0 0;\npadding-bottom:10px;\n}\nbody .av-special-heading.av-uyrai-a9543635419aeb4f820522cf9225edc5 .av-special-heading-tag .heading-char{\nfont-size:25px;\n}\n.av-special-heading.av-uyrai-a9543635419aeb4f820522cf9225edc5 .av-subheading{\nfont-size:15px;\n}\n<\/style>\n<div  class='av-special-heading av-uyrai-a9543635419aeb4f820522cf9225edc5 av-special-heading-h2 blockquote modern-quote  avia-builder-el-7  el_before_av_textblock  avia-builder-el-first'><h2 class='av-special-heading-tag'  itemprop=\"headline\"  >Meine Expertise in der Rechtberatung<\/h2><div class=\"special-heading-border\"><div class=\"special-heading-inner-border\"><\/div><\/div><\/div><br \/>\n<section  class='av_textblock_section av-jgds8wgh-cc42808c3ac783ab2b92301280f50813'   itemscope=\"itemscope\" itemtype=\"https:\/\/schema.org\/CreativeWork\" ><div class='avia_textblock'  itemprop=\"text\" ><p>In meiner Karriere habe ich zahlreiche Unternehmen dabei unterst\u00fctzt, sich in dynamischen und wettbewerbsintensiven M\u00e4rkten erfolgreich zu etablieren. Mein Schwerpunkt liegt auf Gesellschaftsrecht, Unternehmensgr\u00fcndung, Compliance und Investitionsrecht. Mein Ziel ist es, Unternehmen durch ma\u00dfgeschneiderte rechtliche L\u00f6sungen einen klaren Wettbewerbsvorteil zu verschaffen und ihnen den Weg f\u00fcr nachhaltigen Erfolg zu ebnen.<\/p>\n<\/div><\/section><br \/>\n\n<style type=\"text\/css\" data-created_by=\"avia_inline_auto\" id=\"style-css-av-m2poey92-c5053be4cec676c7fd05b93cda39d3c9\">\n@keyframes av_boxShadowEffect_av-m2poey92-c5053be4cec676c7fd05b93cda39d3c9 {\n0%   { box-shadow:  0 0 0 0 ; opacity: 1; }\n100% { box-shadow:  0 0 10px 0 ; opacity: 1; }\n}\n.avia-image-container.av-m2poey92-c5053be4cec676c7fd05b93cda39d3c9 img.avia_image{\nbox-shadow: 0 0 10px 0 ;\n}\n.avia-image-container.av-m2poey92-c5053be4cec676c7fd05b93cda39d3c9 .av-image-caption-overlay-center{\ncolor:#ffffff;\n}\n<\/style>\n<div  class='avia-image-container av-m2poey92-c5053be4cec676c7fd05b93cda39d3c9 av-styling- avia-align-center  avia-builder-el-9  el_after_av_textblock  avia-builder-el-last  av-img-box-shadow av-box-shadow-not-animated'   itemprop=\"image\" itemscope=\"itemscope\" itemtype=\"https:\/\/schema.org\/ImageObject\" ><div class=\"avia-image-container-inner\"><div class=\"avia-image-overlay-wrap\"><img decoding=\"async\" fetchpriority=\"high\" class='wp-image-1708 avia-img-lazy-loading-not-1708 avia_image shadow-not-animated' src=\"https:\/\/namishams.com\/wp-content\/uploads\/2024\/10\/dd-mercury-home-bg-opt.jpg\" alt='' title='\u062f.\u062f.\u062f-\u0632\u0626\u0628\u0642-\u0645\u0646\u0632\u0644-\u0628-\u0628-\u0628-\u0628-\u062e\u064a\u0627\u0631'  height=\"380\" width=\"278\"  itemprop=\"thumbnailUrl\" srcset=\"https:\/\/namishams.com\/wp-content\/uploads\/2024\/10\/dd-mercury-home-bg-opt.jpg 278w, https:\/\/namishams.com\/wp-content\/uploads\/2024\/10\/dd-mercury-home-bg-opt-219x300.jpg 219w\" sizes=\"(max-width: 278px) 100vw, 278px\" \/><\/div><\/div><\/div><\/p><\/div>\n<style type=\"text\/css\" data-created_by=\"avia_inline_auto\" id=\"style-css-av-9wkhy-12-4442d4412a7964f1e832d7a2ebb38950\">\n#top .flex_column.av-9wkhy-12-4442d4412a7964f1e832d7a2ebb38950{\nmargin-top:0px;\nmargin-bottom:0px;\n}\n.flex_column.av-9wkhy-12-4442d4412a7964f1e832d7a2ebb38950{\nborder-radius:3px 3px 3px 3px;\npadding:0px 0px 0px 0px;\n}\n.responsive #top #wrap_all .flex_column.av-9wkhy-12-4442d4412a7964f1e832d7a2ebb38950{\nmargin-top:0px;\nmargin-bottom:0px;\n}\n<\/style>\n<div  class='flex_column av-9wkhy-12-4442d4412a7964f1e832d7a2ebb38950 av_one_third  avia-builder-el-10  el_after_av_one_third  el_before_av_one_third  flex_column_div av-animated-generic left-to-right av-zero-column-padding  column-top-margin'     ><p>\n<style type=\"text\/css\" data-created_by=\"avia_inline_auto\" id=\"style-css-av-sq7lm-16b5f504de7f41c5d5f14cd2727f6f1c\">\n#top .av-special-heading.av-sq7lm-16b5f504de7f41c5d5f14cd2727f6f1c{\nmargin:15px 0 0 0;\npadding-bottom:10px;\n}\nbody .av-special-heading.av-sq7lm-16b5f504de7f41c5d5f14cd2727f6f1c .av-special-heading-tag .heading-char{\nfont-size:25px;\n}\n.av-special-heading.av-sq7lm-16b5f504de7f41c5d5f14cd2727f6f1c .av-subheading{\nfont-size:15px;\n}\n<\/style>\n<div  class='av-special-heading av-sq7lm-16b5f504de7f41c5d5f14cd2727f6f1c av-special-heading-h2 blockquote modern-quote  avia-builder-el-11  el_before_av_textblock  avia-builder-el-first'><h2 class='av-special-heading-tag'  itemprop=\"headline\"  >\u062e\u062f\u0645\u0629 \u062d\u0635\u0631\u064a\u0629 \u0644\u0644\u0639\u0645\u0644\u0627\u0621 \u0627\u0644\u0637\u0645\u0648\u062d\u064a\u0646<\/h2><div class=\"special-heading-border\"><div class=\"special-heading-inner-border\"><\/div><\/div><\/div><br \/>\n<section  class='av_textblock_section av-jgds8wgh-11-b94ad07e048be45e4e1477d4d7b913d6'   itemscope=\"itemscope\" itemtype=\"https:\/\/schema.org\/CreativeWork\" ><div class='avia_textblock'  itemprop=\"text\" ><p>Meine Dienstleistungen richten sich an ambitionierte Unternehmen, die Wert auf Pr\u00e4zision, Verl\u00e4sslichkeit und h\u00f6chste Standards legen. Ich arbeite gezielt mit Mandanten, die eine partnerschaftliche Zusammenarbeit suchen und den Anspruch haben, rechtlich optimal aufgestellt zu sein. Diese selektive Arbeitsweise erlaubt es mir, L\u00f6sungen zu entwickeln, die individuell auf Ihre Anforderungen zugeschnitten sind und Ihre gesch\u00e4ftlichen Ziele rechtssicher unterst\u00fctzen.<\/p>\n<\/div><\/section><br \/>\n\n<style type=\"text\/css\" data-created_by=\"avia_inline_auto\" id=\"style-css-av-m2pofcwh-9022458165fbb6455893807318b9adb1\">\n@keyframes av_boxShadowEffect_av-m2pofcwh-9022458165fbb6455893807318b9adb1 {\n0%   { box-shadow:  0 0 0 0 ; opacity: 1; }\n100% { box-shadow:  0 0 10px 0 ; opacity: 1; }\n}\n.avia-image-container.av-m2pofcwh-9022458165fbb6455893807318b9adb1 img.avia_image{\nbox-shadow: 0 0 10px 0 ;\n}\n.avia-image-container.av-m2pofcwh-9022458165fbb6455893807318b9adb1 .av-image-caption-overlay-center{\ncolor:#ffffff;\n}\n<\/style>\n<div  class='avia-image-container av-m2pofcwh-9022458165fbb6455893807318b9adb1 av-styling- avia-align-center  avia-builder-el-13  el_after_av_textblock  avia-builder-el-last  av-img-box-shadow av-box-shadow-not-animated'   itemprop=\"image\" itemscope=\"itemscope\" itemtype=\"https:\/\/schema.org\/ImageObject\" ><div class=\"avia-image-container-inner\"><div class=\"avia-image-overlay-wrap\"><img decoding=\"async\" fetchpriority=\"high\" class='wp-image-1709 avia-img-lazy-loading-not-1709 avia_image shadow-not-animated' src=\"https:\/\/namishams.com\/wp-content\/uploads\/2024\/10\/dd-mercury-portfolio-bg-opt.jpg\" alt='' title='\u062f.\u062f.\u062f-\u0632\u0626\u0628\u0642-\u062d\u0627\u0641\u0638\u0629-\u0628\u062c-\u0623\u0648\u0628\u062a'  height=\"320\" width=\"242\"  itemprop=\"thumbnailUrl\" srcset=\"https:\/\/namishams.com\/wp-content\/uploads\/2024\/10\/dd-mercury-portfolio-bg-opt.jpg 242w, https:\/\/namishams.com\/wp-content\/uploads\/2024\/10\/dd-mercury-portfolio-bg-opt-227x300.jpg 227w\" sizes=\"(max-width: 242px) 100vw, 242px\" \/><\/div><\/div><\/div><\/p><\/div>\n<style type=\"text\/css\" data-created_by=\"avia_inline_auto\" id=\"style-css-av-9wkhy-10-2cf8187964380b1efe26b07532ee2bc3\">\n#top .flex_column.av-9wkhy-10-2cf8187964380b1efe26b07532ee2bc3{\nmargin-top:0px;\nmargin-bottom:0px;\n}\n.flex_column.av-9wkhy-10-2cf8187964380b1efe26b07532ee2bc3{\nborder-radius:3px 3px 3px 3px;\npadding:0px 0px 0px 0px;\n}\n.responsive #top #wrap_all .flex_column.av-9wkhy-10-2cf8187964380b1efe26b07532ee2bc3{\nmargin-top:0px;\nmargin-bottom:0px;\n}\n<\/style>\n<div  class='flex_column av-9wkhy-10-2cf8187964380b1efe26b07532ee2bc3 av_one_third  avia-builder-el-14  el_after_av_one_third  el_before_av_one_full  flex_column_div av-animated-generic left-to-right av-zero-column-padding  column-top-margin'     ><p>\n<style type=\"text\/css\" data-created_by=\"avia_inline_auto\" id=\"style-css-av-m0tsa-3a3eaa7fccaae9039327b8a490eb6217\">\n#top .av-special-heading.av-m0tsa-3a3eaa7fccaae9039327b8a490eb6217{\nmargin:15px 0 0 0;\npadding-bottom:10px;\n}\nbody .av-special-heading.av-m0tsa-3a3eaa7fccaae9039327b8a490eb6217 .av-special-heading-tag .heading-char{\nfont-size:25px;\n}\n.av-special-heading.av-m0tsa-3a3eaa7fccaae9039327b8a490eb6217 .av-subheading{\nfont-size:15px;\n}\n<\/style>\n<div  class='av-special-heading av-m0tsa-3a3eaa7fccaae9039327b8a490eb6217 av-special-heading-h2 blockquote modern-quote  avia-builder-el-15  el_before_av_textblock  avia-builder-el-first'><h2 class='av-special-heading-tag'  itemprop=\"headline\"  >\u0644\u0645\u0627\u0630\u0627 \u064a\u062c\u0628 \u0623\u0646 \u062a\u0639\u062a\u0645\u062f \u0639\u0644\u064a\u0651<\/h2><div class=\"special-heading-border\"><div class=\"special-heading-inner-border\"><\/div><\/div><\/div><br \/>\n<section  class='av_textblock_section av-jgds8wgh-9-29a258480ae2eca92156cdf652244d6c'   itemscope=\"itemscope\" itemtype=\"https:\/\/schema.org\/CreativeWork\" ><div class='avia_textblock'  itemprop=\"text\" ><div class=\"flex max-w-full flex-col flex-grow\">\n<div class=\"min-h-8 text-message flex w-full flex-col items-end gap-2 whitespace-normal break-words &#091;.text-message+&#038;&#093;:mt-5\" dir=\"auto\" data-message-author-role=\"assistant\" data-message-id=\"eee0042e-938d-4a0c-bd6f-3259123db22f\" data-message-model-slug=\"gpt-4o\">\n<div class=\"flex w-full flex-col gap-1 empty:hidden first:pt-&#091;3px&#093;\">\n<div class=\"markdown prose w-full break-words dark:prose-invert dark\">\n<p>Mit meiner langj\u00e4hrigen Erfahrung und meiner F\u00e4higkeit, rechtliche Fragestellungen aus einer wirtschaftlichen Perspektive zu betrachten, biete ich Ihnen einen klaren Mehrwert. Meine Arbeit basiert auf den Prinzipien Transparenz, Professionalit\u00e4t und einem tiefen Verst\u00e4ndnis f\u00fcr die Bed\u00fcrfnisse internationaler Mandanten. Ob es um die Gr\u00fcndung eines Unternehmens in Dubai, die Optimierung rechtlicher Strukturen oder die Sicherstellung von Compliance geht \u2013 ich begleite Sie Schritt f\u00fcr Schritt, um Ihre Visionen rechtlich abzusichern.<\/p>\n<\/div>\n<\/div>\n<\/div>\n<\/div>\n<\/div><\/section><br \/>\n\n<style type=\"text\/css\" data-created_by=\"avia_inline_auto\" id=\"style-css-av-m2pofnpa-2d94f9b78ea38ff859c3f2f38d813061\">\n@keyframes av_boxShadowEffect_av-m2pofnpa-2d94f9b78ea38ff859c3f2f38d813061 {\n0%   { box-shadow:  0 0 0 0 ; opacity: 1; }\n100% { box-shadow:  0 0 10px 0 ; opacity: 1; }\n}\n.avia-image-container.av-m2pofnpa-2d94f9b78ea38ff859c3f2f38d813061 img.avia_image{\nbox-shadow: 0 0 10px 0 ;\n}\n.avia-image-container.av-m2pofnpa-2d94f9b78ea38ff859c3f2f38d813061 .av-image-caption-overlay-center{\ncolor:#ffffff;\n}\n<\/style>\n<div  class='avia-image-container av-m2pofnpa-2d94f9b78ea38ff859c3f2f38d813061 av-styling- avia-align-center  avia-builder-el-17  el_after_av_textblock  avia-builder-el-last  av-img-box-shadow av-box-shadow-not-animated'   itemprop=\"image\" itemscope=\"itemscope\" itemtype=\"https:\/\/schema.org\/ImageObject\" ><div class=\"avia-image-container-inner\"><div class=\"avia-image-overlay-wrap\"><img decoding=\"async\" fetchpriority=\"high\" class='wp-image-1714 avia-img-lazy-loading-not-1714 avia_image shadow-not-animated' src=\"https:\/\/namishams.com\/wp-content\/uploads\/2024\/10\/dd-mercury-blog-bg-opt-1.jpg\" alt='' title='\u062f.\u062f.\u062f-\u0645\u064a\u0631\u0643\u0648\u0631\u064a-\u0645\u062f\u0648\u0646\u0629-\u0628\u062c-\u0628\u062c-\u0623\u0648\u0628\u062a'  height=\"327\" width=\"242\"  itemprop=\"thumbnailUrl\" srcset=\"https:\/\/namishams.com\/wp-content\/uploads\/2024\/10\/dd-mercury-blog-bg-opt-1.jpg 242w, https:\/\/namishams.com\/wp-content\/uploads\/2024\/10\/dd-mercury-blog-bg-opt-1-222x300.jpg 222w\" sizes=\"(max-width: 242px) 100vw, 242px\" \/><\/div><\/div><\/div><\/p><\/div><div  class='flex_column av-bhmju-51925c54ab53268cabdce4c4e992885c av_one_full  avia-builder-el-18  el_after_av_one_third  el_before_av_hr  first flex_column_div  column-top-margin'     ><section  class='av_textblock_section av-m6frti70-4d9234b53390fe4d782d645a99004101'   itemscope=\"itemscope\" itemtype=\"https:\/\/schema.org\/CreativeWork\" ><div class='avia_textblock'  itemprop=\"text\" ><p style=\"text-align: center;\">Mit meinem tiefgehenden Verst\u00e4ndnis f\u00fcr internationale M\u00e4rkte und den Anforderungen moderner Unternehmen biete ich praxisorientierte L\u00f6sungen, die sowohl rechtliche als auch gesch\u00e4ftliche Aspekte ber\u00fccksichtigen. Mein Ansatz basiert darauf, komplexe Herausforderungen in klare, umsetzbare Strategien zu verwandeln, um Unternehmen dabei zu unterst\u00fctzen, ihre Ziele effizient und nachhaltig zu erreichen. Dabei lege ich gro\u00dfen Wert auf individuelle Betreuung und ma\u00dfgeschneiderte Konzepte, die den Erfolg in einem dynamischen Marktumfeld sichern.<\/p>\n<\/div><\/section><\/div>\n<style type=\"text\/css\" data-created_by=\"avia_inline_auto\" id=\"style-css-av-jgf4q5kq-518b453de73dcc5d37eea92035c06c19\">\n#top .hr.av-jgf4q5kq-518b453de73dcc5d37eea92035c06c19{\nmargin-top:80px;\nmargin-bottom:90px;\n}\n.hr.av-jgf4q5kq-518b453de73dcc5d37eea92035c06c19 .hr-inner{\nwidth:50px;\nborder-color:#d3d3d3;\nmax-width:45%;\n}\n.hr.av-jgf4q5kq-518b453de73dcc5d37eea92035c06c19 .av-seperator-icon{\ncolor:#072f4c;\n}\n<\/style>\n<div  class='hr av-jgf4q5kq-518b453de73dcc5d37eea92035c06c19 hr-custom  avia-builder-el-20  el_after_av_one_full  avia-builder-el-last  hr-center hr-icon-yes'><span class='hr-inner inner-border-av-border-thin'><span class=\"hr-inner-style\"><\/span><\/span><span class='av-seperator-icon' aria-hidden='true' data-av_icon='\uf119' data-av_iconfont='justice'><\/span><span class='hr-inner inner-border-av-border-thin'><span class=\"hr-inner-style\"><\/span><\/span><\/div>\n<\/div><\/div><\/div><!-- close content main div --><\/div><\/div><div id='after_section_2'  class='main_color av_default_container_wrap container_wrap fullsize'  ><div class='container av-section-cont-open' ><div class='template-page content  av-content-full alpha units'><div class='post-entry post-entry-type-page post-entry-154'><div class='entry-content-wrapper clearfix'><section  class='av_textblock_section av-m2poc8td-fe2514c660b041a553c336e1a539e35e'   itemscope=\"itemscope\" itemtype=\"https:\/\/schema.org\/CreativeWork\" ><div class='avia_textblock'  itemprop=\"text\" ><p style=\"text-align: center;\"><strong>Gemeinsam schaffen wir die Grundlage f\u00fcr Ihren Erfolg.<\/strong> Lassen Sie uns Ihre rechtlichen Herausforderungen angehen und Ihre Ziele verwirklichen. Ich freue mich darauf, Sie kennenzulernen.<\/p>\n<\/div><\/section><\/p>","protected":false},"excerpt":{"rendered":"","protected":false},"author":1,"featured_media":1683,"parent":0,"menu_order":0,"comment_status":"open","ping_status":"open","template":"","meta":{"_acf_changed":false,"footnotes":""},"class_list":["post-154","page","type-page","status-publish","has-post-thumbnail","hentry"],"acf":[],"jetpack_sharing_enabled":true,"_links":{"self":[{"href":"https:\/\/namishams.com\/ar\/wp-json\/wp\/v2\/pages\/154","targetHints":{"allow":["GET"]}}],"collection":[{"href":"https:\/\/namishams.com\/ar\/wp-json\/wp\/v2\/pages"}],"about":[{"href":"https:\/\/namishams.com\/ar\/wp-json\/wp\/v2\/types\/page"}],"author":[{"embeddable":true,"href":"https:\/\/namishams.com\/ar\/wp-json\/wp\/v2\/users\/1"}],"replies":[{"embeddable":true,"href":"https:\/\/namishams.com\/ar\/wp-json\/wp\/v2\/comments?post=154"}],"version-history":[{"count":19,"href":"https:\/\/namishams.com\/ar\/wp-json\/wp\/v2\/pages\/154\/revisions"}],"predecessor-version":[{"id":1899,"href":"https:\/\/namishams.com\/ar\/wp-json\/wp\/v2\/pages\/154\/revisions\/1899"}],"wp:featuredmedia":[{"embeddable":true,"href":"https:\/\/namishams.com\/ar\/wp-json\/wp\/v2\/media\/1683"}],"wp:attachment":[{"href":"https:\/\/namishams.com\/ar\/wp-json\/wp\/v2\/media?parent=154"}],"curies":[{"name":"wp","href":"https:\/\/api.w.org\/{rel}","templated":true}]}}